{"id":5244,"date":"2024-04-11T06:53:38","date_gmt":"2024-04-11T04:53:38","guid":{"rendered":"https:\/\/masterveil.se\/air-curtains\/ase-k-indudstriportar\/"},"modified":"2025-05-24T17:28:15","modified_gmt":"2025-05-24T15:28:15","slug":"ase-k-indudstriportar","status":"publish","type":"product","link":"https:\/\/www.masterveil-eu.com\/sv\/luftridaer\/ase-k-indudstriportar\/","title":{"rendered":"ASE-K luftrid\u00e5 &#8211; Industriportar"},"content":{"rendered":"<h2 class='g-block g-heading'>ASE-K luftrid\u00e5 &#8211; Produktinformation<\/h2>\n\n<h3 class='g-block g-heading'>M\u00e5ngsidig installation och s\u00f6ml\u00f6s drift av luftrid\u00e5er<\/h3>\n\n\n<p>Luftrid\u00e5n kan installeras synligt st\u00e5ende, horisontellt eller dolt i v\u00e4gg eller tak om den \u00e4r utrustad med f\u00f6rl\u00e4ngda munstycken. Med ASE K kan du styra flera luftrid\u00e5er samtidigt. Enheten \u00e4r ansluten till en eller flera luftrid\u00e5er, och rid\u00e5ns l\u00e4ngd kan enkelt anpassas till \u00f6ppningens bredd och h\u00f6jd. De innovativa luftrid\u00e5erna \u00e4r utrustade med v\u00e5rt unika Airstop-munstycke med knivstr\u00e5leteknik. Luftrid\u00e5n levereras med eller utan uppv\u00e4rmning, och effekten kan anpassas efter f\u00f6rh\u00e5llandena p\u00e5 plats.<\/p>\n\n\n<h3 class='g-block g-heading'>Luftrid\u00e5trummor<\/h3>\n\n\n<p>Till ASE-K \u2013 Industriportar finns luftrid\u00e5trummor fr\u00e5n \u2300315 mm f\u00f6r ovanliggande montage och fr\u00e5n \u2300250 mm f\u00f6r dubbla st\u00e5ende luftrid\u00e5trummor.<br><br>F\u00f6r mindre eller st\u00f6rre luftm\u00e4ngder erbjuder vi standardmodellerna S.\u2300250, S.\u2300315 och S.\u2300400. Vi har \u00e4ven cirkul\u00e4ra rid\u00e5trummor (C.\u2300250, C.\u2300315 och C.\u2300400) f\u00f6r specifika installationskrav, samt fyrkantiga och rektangul\u00e4ra modeller (F.250, F.315 och F.400) f\u00f6r att passa unika f\u00f6ruts\u00e4ttningar. F\u00f6r installationer med begr\u00e4nsad h\u00f6jd, exempelvis mellan innertak och d\u00f6rr\u00f6ppning, kan vi konstruera luftrid\u00e5trummor med l\u00e5g byggh\u00f6jd.<\/p>\n\n\n\n<p>Vi erbjuder ocks\u00e5 flexibilitet i installationen. Spirokanalen fr\u00e5n fl\u00e4ktaggregatet kan anslutas p\u00e5 valfri plats p\u00e5 luftrid\u00e5trumman, och trumman kan utrustas med ett f\u00f6rl\u00e4ngt munstycke f\u00f6r enkel integration med undertak.<\/p>\n\n\n\n<p><strong>Kontakta oss:<\/strong><br>Om du har speciella installationsbehov, tveka inte att kontakta oss. Vi hj\u00e4lper dig g\u00e4rna att hitta den perfekta luftrid\u00e5l\u00f6sningen.<\/p>\n\n\n<h3 class='g-block g-heading'>O\u00e4ndliga anpassningsm\u00f6jligheter<\/h3>\n\n\n<ul class=\"wp-block-list\">\n<li>V\u00e4lj mellan fyra olika storlekar p\u00e5 fl\u00e4ktaggregat, med kapaciteter fr\u00e5n 4000 m\u00b3\/h upp till 13.000 m\u00b3\/h.<\/li>\n\n\n\n<li>Fl\u00e4ktenheten \u00e4r isolerad f\u00f6r optimal energieffektivitet.<\/li>\n\n\n\n<li>Installera st\u00e5ende eller h\u00e4ngande luftrid\u00e5er, beroende p\u00e5 dina \u00f6nskem\u00e5l och behov.<\/li>\n\n\n\n<li>Den frist\u00e5ende fl\u00e4ktenheten levererar h\u00f6g prestanda f\u00f6r att s\u00e4kerst\u00e4lla effektivitet och tillf\u00f6rlitlighet.<\/li>\n\n\n\n<li>Den avancerade knivstr\u00e5letekniken ger effektiv kontroll av luftstr\u00e5len f\u00f6r b\u00e4sta resultat.<\/li>\n\n\n\n<li>Enheten har kapacitet att driva en eller flera luftrid\u00e5er, vilket ger \u00f6kad flexibilitet.<\/li>\n\n\n\n<li>V\u00e4lj mellan elv\u00e4rme, vattenv\u00e4rme eller utan v\u00e4rme f\u00f6r att skr\u00e4ddarsy l\u00f6sningen efter dina specifika behov.<\/li>\n\n\n\n<li>L\u00f6sningen med vattenburen v\u00e4rme inkluderar luftfilter f\u00f6r optimal luftkvalitet.<\/li>\n\n\n\n<li>F\u00f6r porth\u00f6jder p\u00e5 upp till ca 6 meter.<\/li>\n\n\n\n<li>G\u00e5r att f\u00e5 i valfri RAL-kul\u00f6r eller rostfritt utf\u00f6rande.<\/li>\n<\/ul>\n\n\n\n<p>Med luftrid\u00e5 ASE 500K f\u00e5r du en skr\u00e4ddarsydd och kraftfull l\u00f6sning f\u00f6r att optimera klimatkontrollen vid alla d\u00f6rr\u00f6ppningar och ing\u00e5ngar. Kontakta oss idag f\u00f6r att diskutera hur vi kan anpassa systemet till just dina behov och \u00f6ka effektiviteten i din verksamhet.<\/p>\n\n\n<h3 class='g-block g-heading'>ASE-K luftrid\u00e5 &#8211; Tekniska data<\/h3>\n\n\n<figure class=\"wp-block-table\"><table><thead><tr><th><\/th><th>ASE 500K-1<\/th><th>ASE 500K-2<\/th><th>ASE 500K-3<\/th><th>ASE 500K-4<\/th><\/tr><\/thead><tbody><tr><td><strong>Typ av installation<\/strong><\/td><td>Aggregat med kanalanslutna rid\u00e5trummor<\/td><td>Aggregat med kanalanslutna rid\u00e5trummor<\/td><td>Aggregat med kanalanslutna rid\u00e5trummor<\/td><td>Aggregat med kanalanslutna rid\u00e5trummor<\/td><\/tr><tr><td><strong>Max d\u00f6rrh\u00f6jd<\/strong><sub> <\/sub>(*)<\/td><td>5 meter<\/td><td>6 meter<\/td><td>6 meter<\/td><td>6 meter<\/td><\/tr><tr><td><strong>Standard kul\u00f6r<\/strong> (Rid\u00e5trummor)<\/td><td>RAL 9010<\/td><td>RAL 9010<\/td><td>RAL 9010<\/td><td>RAL 9010<\/td><\/tr><tr><td><strong>Standard material <\/strong>(Fl\u00e4ktaggregat)<\/td><td>Galvat<\/td><td>Galvat<\/td><td>Galvat<\/td><td>Galvat<\/td><\/tr><tr><td><strong>L\u00e4ngd<\/strong> OL-rid\u00e5trumma (**)<\/td><td>D\u00f6rrbredd +ca 100mm<\/td><td>D\u00f6rrbredd +ca 100mm<\/td><td>D\u00f6rrbredd +ca 100mm<\/td><td>D\u00f6rrbredd +ca 100mm<\/td><\/tr><tr><td><strong>L\u00e4ngd<\/strong> DS-rid\u00e5trummor (**)<\/td><td>D\u00f6rrh\u00f6jd +ca 50mm<\/td><td>D\u00f6rrh\u00f6jd +ca 50mm<\/td><td>D\u00f6rrh\u00f6jd +ca 50mm<\/td><td>D\u00f6rrh\u00f6jd +ca 50mm<\/td><\/tr><tr><td><strong>Diameter<\/strong> OL-rid\u00e5trumma (***)<\/td><td>315mm<\/td><td>400mm<\/td><td>400mm<\/td><td>400mm<\/td><\/tr><tr><td><strong>Diameter<\/strong> DS-rid\u00e5trummor (***)<\/td><td>250mm<\/td><td>315mm<\/td><td>315mm<\/td><td>400mm<\/td><\/tr><tr><td><strong>L\u00e4ngd<\/strong> (Aggregat)<\/td><td>Se ritning<\/td><td>Se ritning<\/td><td>Se ritning<\/td><td>Se ritning<\/td><\/tr><tr><td><strong>H\u00f6jd<\/strong> (Aggregat)<\/td><td>Se ritning<\/td><td>Se ritning<\/td><td>Se ritning<\/td><td>Se ritning<\/td><\/tr><tr><td><strong>Djup<\/strong><sub> <\/sub>(Aggregat)<\/td><td>Se ritning<\/td><td>Se ritning<\/td><td>Se ritning<\/td><td>Se ritning<\/td><\/tr><tr><td><strong>Luftfl\u00f6de<\/strong><\/td><td>4 000 m\u00b3\/h<\/td><td>7 500 m\u00b3\/h<\/td><td>10 000 m\u00b3\/h<\/td><td>13 000 m\u00b3\/h<\/td><\/tr><tr><td><strong>Munstycke<\/strong><\/td><td>Airstop<\/td><td>Airstop<\/td><td>Airstop<\/td><td>Airstop<\/td><\/tr><tr><td><strong>Sp\u00e4nning V<\/strong><\/td><td>400<\/td><td>400<\/td><td>400<\/td><td>400<\/td><\/tr><tr><td><strong>Motoreffekt kW<\/strong><\/td><td>3,9<\/td><td>7,8<\/td><td>11,7<\/td><td>15,6<\/td><\/tr><tr><td><strong>Motorstr\u00f6m A<\/strong><\/td><td>7,8<\/td><td>11,6<\/td><td>17,4<\/td><td>23,2<\/td><\/tr><tr><td><strong>Frekvens Hz<\/strong><\/td><td>50<\/td><td>50<\/td><td>50<\/td><td>50<\/td><\/tr><tr><td><strong>IP<\/strong><\/td><td>54<\/td><td>54<\/td><td>54<\/td><td>54<\/td><\/tr><\/tbody><tfoot><tr><td><\/td><td><\/td><td><\/td><td><\/td><td><\/td><\/tr><\/tfoot><\/table><figcaption class=\"wp-element-caption\">(*) D\u00f6rrh\u00f6jden som \u00e4r m\u00f6jlig beror p\u00e5 bredden p\u00e5 d\u00f6rren.<br>(**) Ovanliggande rid\u00e5trumma = <strong>OL<\/strong> och Dubbla st\u00e5ende rid\u00e5trummor = <strong>DS<\/strong><br>(***) Diameter = Anslutnings storlek p\u00e5 rid\u00e5trumman<\/figcaption><\/figure>\n","protected":false},"excerpt":{"rendered":"Med luftrid\u00e5n ASE K f\u00e5r du en skr\u00e4ddarsydd och kraftfull l\u00f6sning f\u00f6r att optimera klimatkontrollen vid industriportar.","protected":false},"featured_media":5586,"menu_order":0,"template":"","meta":{"_acf_changed":false,"_seopress_robots_primary_cat":"none","_seopress_titles_title":"Masterveil ASE-K - Luftrid\u00e5 f\u00f6r Industriportar","_seopress_titles_desc":"Med luftrid\u00e5n ASE K f\u00e5r du en skr\u00e4ddarsydd och kraftfull luftrid\u00e5l\u00f6sning f\u00f6r att optimera klimatkontrollen vid dina portar","_seopress_robots_index":"","_relevanssi_hide_post":"","_relevanssi_hide_content":"","_relevanssi_pin_for_all":"","_relevanssi_pin_keywords":"","_relevanssi_unpin_keywords":"","_relevanssi_related_keywords":"","_relevanssi_related_include_ids":"","_relevanssi_related_exclude_ids":"","_relevanssi_related_no_append":"","_relevanssi_related_not_related":"","_relevanssi_related_posts":"","_relevanssi_noindex_reason":"","footnotes":""},"product_category":[147,100],"class_list":["post-5244","product","type-product","status-publish","has-post-thumbnail","hentry","product_category-ase-k-externt-flakt-aggregat","product_category-logistik-industriportar"],"acf":[],"_links":{"self":[{"href":"https:\/\/www.masterveil-eu.com\/sv\/wp-json\/wp\/v2\/product\/5244","targetHints":{"allow":["GET"]}}],"collection":[{"href":"https:\/\/www.masterveil-eu.com\/sv\/wp-json\/wp\/v2\/product"}],"about":[{"href":"https:\/\/www.masterveil-eu.com\/sv\/wp-json\/wp\/v2\/types\/product"}],"version-history":[{"count":4,"href":"https:\/\/www.masterveil-eu.com\/sv\/wp-json\/wp\/v2\/product\/5244\/revisions"}],"predecessor-version":[{"id":39143,"href":"https:\/\/www.masterveil-eu.com\/sv\/wp-json\/wp\/v2\/product\/5244\/revisions\/39143"}],"wp:featuredmedia":[{"embeddable":true,"href":"https:\/\/www.masterveil-eu.com\/sv\/wp-json\/wp\/v2\/media\/5586"}],"wp:attachment":[{"href":"https:\/\/www.masterveil-eu.com\/sv\/wp-json\/wp\/v2\/media?parent=5244"}],"wp:term":[{"taxonomy":"product_category","embeddable":true,"href":"https:\/\/www.masterveil-eu.com\/sv\/wp-json\/wp\/v2\/product_category?post=5244"}],"curies":[{"name":"wp","href":"https:\/\/api.w.org\/{rel}","templated":true}]}}