{"id":5250,"date":"2024-04-11T06:25:12","date_gmt":"2024-04-11T04:25:12","guid":{"rendered":"https:\/\/masterveil.se\/air-curtains\/ac-1000-lastbilsdockning\/"},"modified":"2025-05-24T17:30:20","modified_gmt":"2025-05-24T15:30:20","slug":"ac-1000-lastbilsdockning","status":"publish","type":"product","link":"https:\/\/www.masterveil-eu.com\/sv\/luftridaer\/ac-1000-lastbilsdockning\/","title":{"rendered":"AC 1000 luftrid\u00e5 &#8211; Lastbils-dockningar"},"content":{"rendered":"<h2 class='g-block g-heading'>AC 1000 luftrid\u00e5 &#8211; Produktinformation<\/h2>\n\n<h3 class='g-block g-heading'>Nyckelfunktioner<\/h3>\n\n\n<ul class=\"wp-block-list\">\n<li>Skr\u00e4ddarsydd f\u00f6r portar vid lastbilsdockningar f\u00f6r optimal effektivitet och s\u00e4kerhet<\/li>\n\n\n\n<li>Airstop-munstycke med knivstr\u00e5leteknik f\u00f6r \u00f6verl\u00e4gsen prestanda<\/li>\n\n\n\n<li>Enkel installation med flera modell alternativ<\/li>\n\n\n\n<li>F\u00f6rb\u00e4ttrad klimatkontroll och s\u00e4kerhet vid lastkajer<\/li>\n\n\n\n<li>F\u00f6r porth\u00f6jder p\u00e5 upp till ca 3,2 meter<\/li>\n<\/ul>\n\n\n\n<p>V\u00e4lj AC 1000 f\u00f6r garanterat optimal prestanda och s\u00e4kerhet vid lastbilsdockningar.<\/p>\n\n\n\n<p>Kontakta oss idag f\u00f6r att utforska l\u00f6sningar som \u00e4r skr\u00e4ddarsydda efter dina specifika behov och ta din lastkajsverksamhet till nya h\u00f6jder!<\/p>\n\n\n<h3 class='g-block g-heading'>AC 1000 luftrid\u00e5 &#8211; Tekniska data<\/h3>\n\n\n<figure class=\"wp-block-table\"><table><thead><tr><th><\/th><th><strong><strong>AC 1000<\/strong><\/strong>-3.14<\/th><th><strong><strong>AC 1000<\/strong><\/strong>-4.14<\/th><th><strong>AC 1000<\/strong>-5.14<\/th><th><strong><strong>AC 1000<\/strong><\/strong>-6.14<\/th><\/tr><\/thead><tbody><tr><td><strong>Typ av installation<\/strong><\/td><td>Ovanliggande<\/td><td>Ovanliggande<\/td><td>Ovanliggande<\/td><td>Ovanliggande<\/td><\/tr><tr><td><strong>Max d\u00f6rrh\u00f6jd<\/strong> (*)<\/td><td>3,2 meter<\/td><td>3,2 meter<\/td><td>3,2 meter<\/td><td>3,2 meter<\/td><\/tr><tr><td><strong>Standard kul\u00f6r<\/strong><\/td><td>RAL 9010<\/td><td>RAL 9010<\/td><td>RAL 9010<\/td><td>RAL 9010<\/td><\/tr><tr><td><strong>L\u00e4ngd<\/strong>&nbsp;OL-luftrid\u00e5 (**)<\/td><td>D\u00f6rrbredd +ca 100mm<\/td><td>D\u00f6rrbredd +ca 100mm<\/td><td>D\u00f6rrbredd +ca 100mm<\/td><td>D\u00f6rrbredd +ca 100mm<\/td><\/tr><tr><td><strong>L\u00e4ngd<\/strong> (Fr\u00e5n)<\/td><td>1700mm &#8211;<\/td><td>2200mm &#8211;<\/td><td>2700mm &#8211;<\/td><td>3300mm &#8211;<\/td><\/tr><tr><td><strong>H\u00f6jd<\/strong><\/td><td>260mm<\/td><td>260mm<\/td><td>260mm<\/td><td>260mm<\/td><\/tr><tr><td><strong>Djup<\/strong><\/td><td>340mm<\/td><td>340mm<\/td><td>340mm<\/td><td>340mm<\/td><\/tr><tr><td><strong>Luftfl\u00f6de<\/strong><\/td><td>1950 m\u00b3\/h<\/td><td>2500 m\u00b3\/h<\/td><td>3000 m\u00b3\/h<\/td><td>3600 m\u00b3\/h<\/td><\/tr><tr><td><strong>Munstycke<\/strong><\/td><td>Airstop<\/td><td>Airstop<\/td><td>Airstop<\/td><td>Airstop<\/td><\/tr><tr><td><strong>Sp\u00e4nning V<\/strong><\/td><td>230<\/td><td>230<\/td><td>230<\/td><td>230<\/td><\/tr><tr><td><strong>Motoreffekt kW<\/strong><\/td><td>0,438<\/td><td>0,584<\/td><td>0,730<\/td><td>0,876<\/td><\/tr><tr><td><strong>Motorstr\u00f6m A<\/strong><\/td><td>3,42<\/td><td>4,56<\/td><td>5,7<\/td><td>6,84<\/td><\/tr><tr><td><strong>Frekvens Hz<\/strong><\/td><td>50<\/td><td>50<\/td><td>50<\/td><td>50<\/td><\/tr><tr><td><strong>IP<\/strong><\/td><td>4X<\/td><td>4X<\/td><td>4X<\/td><td>4X<\/td><\/tr><\/tbody><tfoot><tr><td><\/td><td><\/td><td><\/td><td><\/td><td><\/td><\/tr><\/tfoot><\/table><figcaption class=\"wp-element-caption\">(*) D\u00f6rrh\u00f6jden som \u00e4r m\u00f6jlig beror p\u00e5 bredden p\u00e5 d\u00f6rren.<br>(**) Ovanliggande luftrid\u00e5 =&nbsp;<strong>OL<\/strong>&nbsp;och Dubbla st\u00e5ende luftrid\u00e5er =&nbsp;<strong>DS<\/strong><\/figcaption><\/figure>\n","protected":false},"excerpt":{"rendered":"Den kompakta luftrid\u00e5l\u00f6sningen f\u00f6r lastbilsdockningar.","protected":false},"featured_media":5653,"menu_order":0,"template":"","meta":{"_acf_changed":false,"_seopress_robots_primary_cat":"none","_seopress_titles_title":"Luftrid\u00e5 AC 1000 f\u00f6r skydd av dockningsportar","_seopress_titles_desc":"F\u00f6rb\u00e4ttra klimatkontrollen och s\u00e4kerheten vid din lastkaj med AC 1000, luftrid\u00e5l\u00f6sningen f\u00f6r lastbilsdockningar.","_seopress_robots_index":"","_relevanssi_hide_post":"","_relevanssi_hide_content":"","_relevanssi_pin_for_all":"","_relevanssi_pin_keywords":"","_relevanssi_unpin_keywords":"","_relevanssi_related_keywords":"","_relevanssi_related_include_ids":"","_relevanssi_related_exclude_ids":"","_relevanssi_related_no_append":"","_relevanssi_related_not_related":"","_relevanssi_related_posts":"","_relevanssi_noindex_reason":"","footnotes":""},"product_category":[145,100],"class_list":["post-5250","product","type-product","status-publish","has-post-thumbnail","hentry","product_category-ac-1000","product_category-logistik-industriportar"],"acf":[],"_links":{"self":[{"href":"https:\/\/www.masterveil-eu.com\/sv\/wp-json\/wp\/v2\/product\/5250","targetHints":{"allow":["GET"]}}],"collection":[{"href":"https:\/\/www.masterveil-eu.com\/sv\/wp-json\/wp\/v2\/product"}],"about":[{"href":"https:\/\/www.masterveil-eu.com\/sv\/wp-json\/wp\/v2\/types\/product"}],"version-history":[{"count":4,"href":"https:\/\/www.masterveil-eu.com\/sv\/wp-json\/wp\/v2\/product\/5250\/revisions"}],"predecessor-version":[{"id":39146,"href":"https:\/\/www.masterveil-eu.com\/sv\/wp-json\/wp\/v2\/product\/5250\/revisions\/39146"}],"wp:featuredmedia":[{"embeddable":true,"href":"https:\/\/www.masterveil-eu.com\/sv\/wp-json\/wp\/v2\/media\/5653"}],"wp:attachment":[{"href":"https:\/\/www.masterveil-eu.com\/sv\/wp-json\/wp\/v2\/media?parent=5250"}],"wp:term":[{"taxonomy":"product_category","embeddable":true,"href":"https:\/\/www.masterveil-eu.com\/sv\/wp-json\/wp\/v2\/product_category?post=5250"}],"curies":[{"name":"wp","href":"https:\/\/api.w.org\/{rel}","templated":true}]}}