{"id":5261,"date":"2024-04-11T06:38:19","date_gmt":"2024-04-11T04:38:19","guid":{"rendered":"https:\/\/masterveil.se\/air-curtains\/mtc-indudstriportar\/"},"modified":"2025-05-24T17:29:28","modified_gmt":"2025-05-24T15:29:28","slug":"mtc-indudstriportar","status":"publish","type":"product","link":"https:\/\/www.masterveil-eu.com\/sv\/luftridaer\/mtc-indudstriportar\/","title":{"rendered":"MTC luftrid\u00e5 &#8211; Industriportar"},"content":{"rendered":"<h2 class='g-block g-heading'>MTC luftrid\u00e5 &#8211; Produktinformation<\/h2>\n\n<h3 class='g-block g-heading'>Luftrid\u00e5 med Airstop-munstycke och flexibla l\u00e4ngdalternativ<\/h3>\n\n\n<p>Luftrid\u00e5n finns i l\u00e4ngder fr\u00e5n 1200 till 3000 mm och i tv\u00e5 olika fl\u00e4ktutf\u00f6randen, modell 14 och 16, d\u00e4r 16 modellen har h\u00f6gre tryckupps\u00e4ttning. Med en rid\u00e5l\u00e4ngd p\u00e5 3000 mm kan den enkelt t\u00e4cka en d\u00f6rr\u00f6ppning med en bredd p\u00e5 2900 mm. Den l\u00e5ga konstruktionsh\u00f6jden p\u00e5 endast 280 mm g\u00f6r det vanligtvis problemfritt att installera MTC ovanf\u00f6r d\u00f6rren. MTC \u00e4r ocks\u00e5 utrustad med v\u00e5rt unika Airstop-munstycke med knivstr\u00e5leteknik, vilket ger h\u00f6gre effektivitet j\u00e4mf\u00f6rt med traditionella luftrid\u00e5er.<\/p>\n\n\n<h3 class='g-block g-heading'>Nyckelfunktioner<\/h3>\n\n\n<ul class=\"wp-block-list\">\n<li>Mycket flexibel tack vare luftrid\u00e5ns kompakta ytterm\u00e5tt.<\/li>\n\n\n\n<li>M\u00e5nga monteringsm\u00f6jligheter.<\/li>\n\n\n\n<li>Ovanliggande montage; synligt eller inbyggt i undertak.<\/li>\n\n\n\n<li>Airstop-teknik ger effektiv styrning av luftstr\u00e5len.<\/li>\n\n\n\n<li>Munstycke med st\u00e4llbar luftriktning.<\/li>\n\n\n\n<li>Optimerat v\u00e4rmebatteri ing\u00e5r som standard.<\/li>\n\n\n\n<li>Rid\u00e5l\u00e4ngd 1200\u20133000 mm.<\/li>\n\n\n\n<li>Modell 14 \u00e4r l\u00e4mplig f\u00f6r d\u00f6rrh\u00f6jder p\u00e5 upp till cirka 3 meter, medan modell 16 \u00e4r l\u00e4mplig f\u00f6r d\u00f6rrh\u00f6jder p\u00e5 upp till cirka 4 meter.<\/li>\n\n\n\n<li>G\u00e5r att f\u00e5 i valfri RAL-kul\u00f6r eller i rostfritt utf\u00f6rande.<\/li>\n<\/ul>\n\n\n<h3 class='g-block g-heading'>MTC luftrid\u00e5 &#8211; Tekniska data<\/h3>\n\n\n<figure class=\"wp-block-table\"><table><thead><tr><th><strong>Modell 14<\/strong><\/th><th><strong>MTC xV<\/strong>-2.14<\/th><th><strong>MTC xV<\/strong>-3.14<\/th><th><strong>MTC xV<\/strong>-4.14<\/th><th>MTC xV-5.14<\/th><th><strong>MTC xV<\/strong>-6.14<\/th><\/tr><\/thead><tbody><tr><td><strong>Typ av installation<\/strong><\/td><td>Ovanliggande<\/td><td>Ovanliggande<\/td><td>Ovanliggande<\/td><td>Ovanliggande<\/td><td>Ovanliggande<\/td><\/tr><tr><td><strong>Max d\u00f6rrh\u00f6jd<\/strong> (*)<\/td><td>3 meter<\/td><td>3 meter<\/td><td>3 meter<\/td><td>3 meter<\/td><td>3 meter<\/td><\/tr><tr><td><strong>Standard kul\u00f6r<\/strong><\/td><td>RAL 9010<\/td><td>RAL 9010<\/td><td>RAL 9010<\/td><td>RAL 9010<\/td><td>RAL 9010<\/td><\/tr><tr><td><strong>L\u00e4ngd<\/strong> OL-luftrid\u00e5 (**)<\/td><td>D\u00f6rrbredd +ca 100mm<\/td><td>D\u00f6rrbredd +ca 100mm<\/td><td>D\u00f6rrbredd +ca 100mm<\/td><td>D\u00f6rrbredd +ca 100mm<\/td><td>D\u00f6rrbredd +ca 100mm<\/td><\/tr><tr><td><strong>L\u00e4ngd<\/strong><\/td><td>1200-1300mm<\/td><td>1400-1700mm<\/td><td>1800-2300mm<\/td><td>2400-2650mm<\/td><td>2750-3000mm<\/td><\/tr><tr><td><strong>H\u00f6jd<\/strong><\/td><td>Se ritning<\/td><td>Se ritning<\/td><td>Se ritning<\/td><td>Se ritning<\/td><td>Se ritning<\/td><\/tr><tr><td><strong>Djup<\/strong><\/td><td>Se ritning<\/td><td>Se ritning<\/td><td>Se ritning<\/td><td>Se ritning<\/td><td>Se ritning<\/td><\/tr><tr><td><strong>Luftfl\u00f6de<\/strong><\/td><td>1300 m\u00b3\/h<\/td><td>1950 m\u00b3\/h<\/td><td>2500 m\u00b3\/h<\/td><td>3000 m\u00b3\/h<\/td><td>3600 m\u00b3\/h<\/td><\/tr><tr><td><strong>Munstycke<\/strong><\/td><td>Airstop<\/td><td>Airstop<\/td><td>Airstop<\/td><td>Airstop<\/td><td>Airstop<\/td><\/tr><tr><td><strong>Sp\u00e4nning V<\/strong><\/td><td>230<\/td><td>230<\/td><td>230<\/td><td>230<\/td><td>230<\/td><\/tr><tr><td><strong>Motoreffekt kW<\/strong><\/td><td>0,292<\/td><td>0,438<\/td><td>0,584<\/td><td>0,730<\/td><td>0,867<\/td><\/tr><tr><td><strong>Motorstr\u00f6m A<\/strong><\/td><td>2,28<\/td><td>3,42<\/td><td>4,56<\/td><td>5,7<\/td><td>6,84<\/td><\/tr><tr><td><strong>Frekvens Hz<\/strong><\/td><td>50<\/td><td>50<\/td><td>50<\/td><td>50<\/td><td>50<\/td><\/tr><tr><td><strong>IP<\/strong><\/td><td>40<\/td><td>40<\/td><td>40<\/td><td>40<\/td><td>40<\/td><\/tr><\/tbody><\/table><\/figure>\n\n\n\n<figure class=\"wp-block-table\"><table><thead><tr><th><strong>Modell 16<\/strong><\/th><th><strong>MTC xV<\/strong>-2.16<\/th><th><strong>MTC xV<\/strong>-3.16<\/th><th><strong>MTC xV<\/strong>-4.16<\/th><th><\/th><th><\/th><\/tr><\/thead><tbody><tr><td><strong>Typ av installation<\/strong><\/td><td>Ovanliggande<\/td><td>Ovanliggande<\/td><td>Ovanliggande<\/td><td><\/td><td><\/td><\/tr><tr><td><strong>Max d\u00f6rrh\u00f6jd<\/strong><\/td><td>4 meter<\/td><td>4 meter<\/td><td>4 meter<\/td><td><\/td><td><\/td><\/tr><tr><td><strong>Standard kul\u00f6r<\/strong><\/td><td>RAL 9010<\/td><td>RAL 9010<\/td><td>RAL 9010<\/td><td><\/td><td><\/td><\/tr><tr><td><strong>L\u00e4ngd<\/strong> OL-luftrid\u00e5 (**)<\/td><td>D\u00f6rrbredd +ca 100mm<\/td><td>D\u00f6rrbredd +ca 100mm<\/td><td>D\u00f6rrbredd +ca 100mm<\/td><td><\/td><td><\/td><\/tr><tr><td><strong>L\u00e4ngd<\/strong><\/td><td>1200-1700mm<\/td><td>1800-2300mm<\/td><td>2400-3000mm<\/td><td><\/td><td><\/td><\/tr><tr><td><strong>H\u00f6jd<\/strong><\/td><td>Se ritning<\/td><td>Se ritning<\/td><td>Se ritning<\/td><td><\/td><td><\/td><\/tr><tr><td><strong>Djup<\/strong><\/td><td>Se ritning<\/td><td>Se ritning<\/td><td>Se ritning<\/td><td><\/td><td><\/td><\/tr><tr><td><strong>Luftfl\u00f6de<\/strong><\/td><td>2100 m\u00b3\/h<\/td><td>3200 m\u00b3\/h<\/td><td>4300 m\u00b3\/h<\/td><td><\/td><td><\/td><\/tr><tr><td><strong>Munstycke<\/strong><\/td><td>Airstop<\/td><td>Airstop<\/td><td>Airstop<\/td><td><\/td><td><\/td><\/tr><tr><td><strong>Sp\u00e4nning V<\/strong><\/td><td>230<\/td><td>230<\/td><td>230<\/td><td><\/td><td><\/td><\/tr><tr><td><strong>Motoreffekt kW<\/strong><\/td><td>1,45<\/td><td>2,175<\/td><td>2,9<\/td><td><\/td><td><\/td><\/tr><tr><td><strong>Motorstr\u00f6m A<\/strong><\/td><td>6,4<\/td><td>9,6<\/td><td>12,8<\/td><td><\/td><td><\/td><\/tr><tr><td><strong>Frekvens Hz<\/strong><\/td><td>50<\/td><td>50<\/td><td>50<\/td><td><\/td><td><\/td><\/tr><tr><td><strong>IP<\/strong><\/td><td>54<\/td><td>54<\/td><td>54<\/td><td><\/td><td><\/td><\/tr><\/tbody><tfoot><tr><td><\/td><td><\/td><td><\/td><td><\/td><td><\/td><td><\/td><\/tr><\/tfoot><\/table><figcaption class=\"wp-element-caption\">(*) D\u00f6rrh\u00f6jden som \u00e4r m\u00f6jlig beror p\u00e5 bredden p\u00e5 d\u00f6rren.<br>(**) Ovanliggande luftrid\u00e5 = <strong>OL<\/strong> och Dubbla st\u00e5ende luftrid\u00e5er = <strong>DS<\/strong><\/figcaption><\/figure>\n","protected":false},"excerpt":{"rendered":"Denna modell har utvecklats med ett starkt fokus p\u00e5 att ge h\u00f6g flexibilitet genom sina kompakta dimensioner. Det som g\u00f6r MTC \u00e4nnu mer anpassningsbar \u00e4r m\u00f6jligheten att ha ett luftintag framifr\u00e5n, uppifr\u00e5n eller nerifr\u00e5n. ","protected":false},"featured_media":5628,"menu_order":0,"template":"","meta":{"_acf_changed":false,"_seopress_robots_primary_cat":"none","_seopress_titles_title":"Luftrid\u00e5 MTC f\u00f6r Industriportar %%sep%% Masterveil","_seopress_titles_desc":"Denna kraftfulla luftrid\u00e5 f\u00f6r industriportar har utvecklats med ett starkt fokus p\u00e5 att ge h\u00f6g flexibilitet genom sina kompakta dimensioner.","_seopress_robots_index":"","_relevanssi_hide_post":"","_relevanssi_hide_content":"","_relevanssi_pin_for_all":"","_relevanssi_pin_keywords":"","_relevanssi_unpin_keywords":"","_relevanssi_related_keywords":"","_relevanssi_related_include_ids":"","_relevanssi_related_exclude_ids":"","_relevanssi_related_no_append":"","_relevanssi_related_not_related":"","_relevanssi_related_posts":"","_relevanssi_noindex_reason":"","footnotes":""},"product_category":[100,153],"class_list":["post-5261","product","type-product","status-publish","has-post-thumbnail","hentry","product_category-logistik-industriportar","product_category-mtc"],"acf":[],"_links":{"self":[{"href":"https:\/\/www.masterveil-eu.com\/sv\/wp-json\/wp\/v2\/product\/5261","targetHints":{"allow":["GET"]}}],"collection":[{"href":"https:\/\/www.masterveil-eu.com\/sv\/wp-json\/wp\/v2\/product"}],"about":[{"href":"https:\/\/www.masterveil-eu.com\/sv\/wp-json\/wp\/v2\/types\/product"}],"version-history":[{"count":4,"href":"https:\/\/www.masterveil-eu.com\/sv\/wp-json\/wp\/v2\/product\/5261\/revisions"}],"predecessor-version":[{"id":39145,"href":"https:\/\/www.masterveil-eu.com\/sv\/wp-json\/wp\/v2\/product\/5261\/revisions\/39145"}],"wp:featuredmedia":[{"embeddable":true,"href":"https:\/\/www.masterveil-eu.com\/sv\/wp-json\/wp\/v2\/media\/5628"}],"wp:attachment":[{"href":"https:\/\/www.masterveil-eu.com\/sv\/wp-json\/wp\/v2\/media?parent=5261"}],"wp:term":[{"taxonomy":"product_category","embeddable":true,"href":"https:\/\/www.masterveil-eu.com\/sv\/wp-json\/wp\/v2\/product_category?post=5261"}],"curies":[{"name":"wp","href":"https:\/\/api.w.org\/{rel}","templated":true}]}}